{"id":1976,"date":"2020-04-23T12:15:01","date_gmt":"2020-04-23T10:15:01","guid":{"rendered":"https:\/\/dev.deumavan.ch\/deumavan-produkte\/deumavan-waschlotion\/"},"modified":"2025-07-03T14:59:56","modified_gmt":"2025-07-03T12:59:56","slug":"solution-lavante-deumavan","status":"publish","type":"page","link":"https:\/\/www.deumavan.ch\/fr\/produits-deumavan\/solution-lavante-deumavan\/","title":{"rendered":"Solution lavante Deumavan"},"content":{"rendered":"\r\n<style type=\"text\/css\">\r\n\t#featured-block_496dfc7d732b76f4e757ae2e68b8cb14 {\r\n        \/* Add styles that use ACF values here *\/\r\n        height: 75vw;\r\n        max-height: 398px;\r\n        min-height: 233px;\r\n                            background-image: url(https:\/\/www.deumavan.ch\/wp-content\/uploads\/2020\/07\/deumavan-waschlotion-header-schmal-scaled.jpg);\r\n        \t}\r\n\r\n    @media (min-width: 700px) {\r\n        #featured-block_496dfc7d732b76f4e757ae2e68b8cb14 {\r\n        height: 40vw;\r\n        }\r\n    }\r\n\r\n    @media (min-width: 1000px) {\r\n        #featured-block_496dfc7d732b76f4e757ae2e68b8cb14 {\r\n        height: 28.5vw;\r\n        }\r\n    }\r\n\r\n    @media (min-width: 1400px) {\r\n        #featured-block_496dfc7d732b76f4e757ae2e68b8cb14 {\r\n        height: 22vw;\r\n        }\r\n    }\r\n\r\n    @media (min-width: 1750px) {\r\n        #featured-block_496dfc7d732b76f4e757ae2e68b8cb14 {\r\n        height: 18vw;\r\n        }\r\n    }\r\n\r\n    @media (min-width: 2200px) {\r\n        #featured-block_496dfc7d732b76f4e757ae2e68b8cb14 {\r\n        height: 15vw;\r\n        }\r\n    }\r\n\r\n    .fully-loaded #featured-block_496dfc7d732b76f4e757ae2e68b8cb14 {\r\n        height: auto;\r\n    }\r\n<\/style>\r\n\r\n\r\n\r\n<div id=\"featured-block_496dfc7d732b76f4e757ae2e68b8cb14\" class=\"block_featured alignfull single \">\r\n\r\n    \r\n\t<\/div>\r\n\n\n\r\n\r\n\r\n\r\n\r\n\r\n<style type=\"text\/css\">\r\n\t#content-block_4673d8979f8ff7116a70afb8388dbd11 {\r\n\t\t                 padding-bottom: 50px; \t}\r\n\r\n    #content-block_4673d8979f8ff7116a70afb8388dbd11 .container {\r\n\t\t        \t                        }\r\n    #content-block_4673d8979f8ff7116a70afb8388dbd11 .container h2{\r\n            }\r\n<\/style>\r\n\r\n\r\n\r\n\r\n\r\n\r\n\r\n\r\n<div id=\"content-block_4673d8979f8ff7116a70afb8388dbd11\" class=\"block_content alignfull shift_title  narrow\">\r\n\r\n\r\n    \r\n    <div class=\"container  content_shadow  \">\r\n        <div class=\"inner\" >\r\n            <h2 style=\"\">La solution lavante Deumavan<\/h2>\r\n\r\n            <div class=\"content cols one\" style=\"\">\r\n                <div class=\"col\">\r\n                    <p><strong>Nettoyage en douceur de la r\u00e9gion intime <\/strong><\/p>\n<p>Nature ou avec un discret parfum de lavande, la solution lavante Deumavan poss\u00e8de des propri\u00e9t\u00e9s soignantes gr\u00e2ce au soin gras Deumavan de qualit\u00e9 sup\u00e9rieure qu\u2019elle contient. Pour une sensation de fra\u00eecheur et de peau saine apr\u00e8s le lavage. <\/p>\n                <\/div>\r\n                            <\/div>\r\n\r\n\r\n            \r\n            \r\n\r\n        <\/div>\r\n    <\/div>\r\n<\/div>\n\n\r\n<style type=\"text\/css\">\r\n    #grid-block_66f744a58c6921cbbc2e3edae9c89953 {\r\n\t\t                \t}\r\n\r\n    #grid-block_66f744a58c6921cbbc2e3edae9c89953 .container {\r\n\t\t                        \r\n    }\r\n\r\n<\/style>\r\n\r\n\r\n\r\n\r\n\r\n\r\n\r\n\r\n<div id=\"grid-block_66f744a58c6921cbbc2e3edae9c89953\" class=\"block_grid_wrap alignfull\">\r\n\r\n    \r\n    <div class=\"container \">\r\n        <div class=\"box_wrap\">\r\n\r\n            <style type=\"text\/css\">\r\n                #grid-block_66f744a58c6921cbbc2e3edae9c89953 .box_left {\r\n                                        \r\n                                    }\r\n\r\n                #grid-block_66f744a58c6921cbbc2e3edae9c89953 .box_left a{\r\n                                    }\r\n            <\/style>\r\n\r\n\r\n                                                            <div class=\"box box_left image\" style=\"background-image: url(https:\/\/www.deumavan.ch\/wp-content\/uploads\/2020\/07\/Deumavan-Waschlotion-Neutral_200ml.jpg);\">\r\n                    <img decoding=\"async\" src=\"https:\/\/www.deumavan.ch\/wp-content\/uploads\/2020\/07\/Deumavan-Waschlotion-Neutral_200ml.jpg\" alt=\"Packshot Deumavan\u00ae Waschlotion neutral\" \/>\r\n                <\/div>\r\n                \r\n            \r\n            <style type=\"text\/css\">\r\n                #grid-block_66f744a58c6921cbbc2e3edae9c89953 .box_right {\r\n                                        \r\n                                    }\r\n                #grid-block_66f744a58c6921cbbc2e3edae9c89953 .box_right a{\r\n                                    }\r\n            <\/style>\r\n\r\n\r\n                            <div class=\"box box_right text\"><div class=\"inner\">\r\n                    <h2 style=\"\">\r\n                        Solution lavante Deumavan nature ou \u00e0 la lavande                    <\/h2>\r\n                    <h6><strong>Produit cosm\u00e9tique<\/strong><\/h6>\n<p>La solution lavante Deumavan est disponible en version nature ou au discret parfum de lavande.<\/p>\n<p>Les deux versions sont propos\u00e9es en flacon de 200 ml.<\/p>\n\r\n\r\n\r\n                \r\n                \r\n                <\/div><\/div> <!-- box text -->\r\n\r\n                                <\/div>\r\n    <\/div>\r\n<\/div>\r\n\r\n\r\n\r\n\n\n\r\n\r\n<style type=\"text\/css\">\r\n\t#help-block_45c3ee7d6d8ad0c2c84ab9ef98888db5 {\r\n\t\t background-color: #f7f7f7;          padding-top: 50px;          padding-bottom: 300px; \t}\r\n\r\n    #help-block_45c3ee7d6d8ad0c2c84ab9ef98888db5 .container {\r\n        \t     margin-bottom: -50px;             }\r\n<\/style>\r\n\r\n<div id=\"help-block_45c3ee7d6d8ad0c2c84ab9ef98888db5\" class=\"block-help alignfull\">\r\n\r\n\r\n    \r\n    <div class=\"container  \">\r\n                <div class=\"help_wrap\">\r\n\r\n\r\n            \r\n                <div class=\"help_item\">\r\n                    <div class=\"help_title\">\r\n                        Utilisation de la solution lavante Deumavan                    <\/div>\r\n                    <div class=\"help_content\">\r\n                        <p>La solution lavante Deumavan convient au nettoyage quotidien de la r\u00e9gion intime. Adapt\u00e9e au pH de la peau intime, sa formule relipidante nettoie la peau en douceur, sans dess\u00e9cher les parties les plus sensibles.<\/p>\n<p>La solution lavante Deumavan est aussi parfaitement adapt\u00e9e \u00e0 la toilette pr\u00e9alable au rasage intime et peut \u00eatre utilis\u00e9e en remplacement de la mousse \u00e0 raser.<\/p>\n\r\n                        \r\n                                        <\/div>\r\n                <\/div>\r\n\r\n\r\n            \r\n                <div class=\"help_item\">\r\n                    <div class=\"help_title\">\r\n                        Composition de la solution lavante Deumavan                    <\/div>\r\n                    <div class=\"help_content\">\r\n                        <p>Solution lavante nature Deumavan<br \/>\nAqua, Cocamidopropyl Betaine, Glyceryl Oleate, Sodium Chloride, Disodium 2-Sulfolaurate, Sodium Gluconate, Coco-Glucoside, L-(+)-Lactic Acid, Lauryl Glucoside, Sodium Benzoate, Glycerin, Cassia Hydroxypropyltrimonium Chloride, Caprylyl\/Capryl Glucoside, Hydrogenated Castor Oil, Glycol Distearate, Sodium Sulfate, Citric Acid, Glyceryl Stearate, Paraffinum Liquidum, Benzoic Acid, Petrolatum, Sodium Acetate, Paraffin, Tocopheryl Acetate, Lecithin, Ascorbyl Palmitate, Tocopherol, Hydrogenated Palm Glycerides Citrate<\/p>\n<p>Solution lavante \u00e0 la lavande Deumavan<br \/>\nAqua, Cocamidopropyl Betaine, Glyceryl Oleate, Sodium Chloride, Disodium 2-Sulfolaurate, Sodium Gluconate, Coco-Glucoside, L-(+)-Lactic Acid, Lauryl Glucoside, Sodium Benzoate, Glycerin, Cassia Hydroxypropyltrimonium Chloride, Caprylyl\/Capryl Glucoside, Hydrogenated Castor Oil, Glycol Distearate, Sodium Sulfate, Citric Acid, Lavandula Angustifolia (Lavender) Oil, Linalool, Glyceryl Stearate, Paraffinum Liquidum, Benzoic Acid, Petrolatum, Sodium Acetate, Paraffin, Tocopheryl Acetate, Lecithin, Ascorbyl Palmitate, Tocopherol, Hydrogenated Palm Glycerides Citrate<\/p>\n\r\n                        \r\n                                        <\/div>\r\n                <\/div>\r\n\r\n\r\n            \r\n                <div class=\"help_item\">\r\n                    <div class=\"help_title\">\r\n                        Avantages de la solution lavante Deumavan                    <\/div>\r\n                    <div class=\"help_content\">\r\n                        <ul>\n<li>Pour un nettoyage de la r\u00e9gion intime en douceur<\/li>\n<li>Protection douce d\u00e8s le lavage<\/li>\n<li>Favorise la r\u00e9g\u00e9n\u00e9ration de la peau<\/li>\n<li>Aide \u00e0 renforcer les fonctions protectrices naturelles de la peau<\/li>\n<li>Pour une sensation de puret\u00e9 et de fra\u00eecheur sur la peau<\/li>\n<li>Particuli\u00e8rement adapt\u00e9e au rasage intime<\/li>\n<li>Disponible en version nature (sans parfum) ou au d\u00e9licat parfum de lavande<\/li>\n<\/ul>\n\r\n                        \r\n                                        <\/div>\r\n                <\/div>\r\n\r\n\r\n                    <\/div>\r\n    <\/div>\r\n<\/div>\n\n\r\n<style type=\"text\/css\">\r\n\t#why-block_5ea066a3ba5dc {\r\n\t\t                \t}\r\n\r\n    #why-block_5ea066a3ba5dc .container {\r\n\t\t         margin-top: -30px;          margin-bottom: 30px;             }\r\n<\/style>\r\n\r\n<div id=\"why-block_5ea066a3ba5dc\" class=\"block_why alignfull\">\r\n\r\n    \r\n    <div class=\"container  content_shadow  \">\r\n\r\n        <div class=\"title\">Pourquoi Deumavan<\/div>\r\n\r\n        <div class=\"icons_wrap\">\r\n                            \r\n\r\n                    <div class=\"ico_box\">\r\n                        <div class=\"icon\">\r\n                                                            <img decoding=\"async\" src=\"https:\/\/www.deumavan.ch\/wp-content\/uploads\/2020\/04\/leaf-solid.svg\" \/>\r\n                                                    <\/div>\r\n                        <div class=\"why_label\">\r\n                            Ne contient <br>                     pas d&rsquo;hormones                        <\/div>\r\n                    <\/div>\r\n                \r\n\r\n                    <div class=\"ico_box\">\r\n                        <div class=\"icon\">\r\n                                                            <img decoding=\"async\" src=\"https:\/\/www.deumavan.ch\/wp-content\/uploads\/2020\/07\/icon-sieundihn-deumavan.svg\" \/>\r\n                                                    <\/div>\r\n                        <div class=\"why_label\">\r\n                            Pour elle et lui                        <\/div>\r\n                    <\/div>\r\n                \r\n\r\n                    <div class=\"ico_box\">\r\n                        <div class=\"icon\">\r\n                                                            <img decoding=\"async\" src=\"https:\/\/www.deumavan.ch\/wp-content\/uploads\/2020\/07\/icon-konservierung-deumavan.svg\" \/>\r\n                                                    <\/div>\r\n                        <div class=\"why_label\">\r\n                            Sans conservateurs                        <\/div>\r\n                    <\/div>\r\n                \r\n\r\n                    <div class=\"ico_box\">\r\n                        <div class=\"icon\">\r\n                                                            <img decoding=\"async\" src=\"https:\/\/www.deumavan.ch\/wp-content\/uploads\/2020\/07\/icon-kalender-deumavan.svg\" \/>\r\n                                                    <\/div>\r\n                        <div class=\"why_label\">\r\n                            Pour une <br>                     application <br>                     quotidienne                        <\/div>\r\n                    <\/div>\r\n                \r\n\r\n                    <div class=\"ico_box\">\r\n                        <div class=\"icon\">\r\n                                                            <img decoding=\"async\" src=\"https:\/\/www.deumavan.ch\/wp-content\/uploads\/2020\/07\/icon-konsistenz-deumavan.svg\" \/>\r\n                                                    <\/div>\r\n                        <div class=\"why_label\">\r\n                            Texture douce                        <\/div>\r\n                    <\/div>\r\n                                    <\/div>\r\n\r\n                    <div class=\"deco deco_bottom\"><div><\/div><\/div>\r\n        \r\n    <\/div>\r\n\r\n    <\/div>\r\n\n\n\r\n<style type=\"text\/css\">\r\n    #grid-block_2a9faf435b76448b046f9d4d07ea4090 {\r\n\t\t                \t}\r\n\r\n    #grid-block_2a9faf435b76448b046f9d4d07ea4090 .container {\r\n\t\t         margin-top: -30px;                 \r\n    }\r\n\r\n<\/style>\r\n\r\n\r\n\r\n\r\n\r\n\r\n\r\n\r\n<div id=\"grid-block_2a9faf435b76448b046f9d4d07ea4090\" class=\"block_grid_wrap alignfull\">\r\n\r\n    \r\n    <div class=\"container \">\r\n        <div class=\"box_wrap\">\r\n\r\n            <style type=\"text\/css\">\r\n                #grid-block_2a9faf435b76448b046f9d4d07ea4090 .box_left {\r\n                     background-color: #2e3e58;                      color: #ffffff; \r\n                                    }\r\n\r\n                #grid-block_2a9faf435b76448b046f9d4d07ea4090 .box_left a{\r\n                     color: #ffffff;                 }\r\n            <\/style>\r\n\r\n\r\n                            <div class=\"box box_left text\"><div class=\"inner\">\r\n                    <h2 style=\" color: #ffffff; \">\r\n                        Pommade protectrice Deumavan                    <\/h2>\r\n                    <p>Soin doux pour la peau sensible de la r\u00e9gion intime externe. La pommade protectrice Deumavan soulage les troubles cutan\u00e9s de la r\u00e9gion intime externe. Elle pr\u00e9vient les irritations cutan\u00e9es accompagn\u00e9es de sensations de br\u00fblure, de d\u00e9mangeaisons et de s\u00e9cheresse et a en outre une texture extr\u00eamement douce.<\/p>\n<p>La pommade protectrice Deumavan est disponible en version nature ou au discret parfum de lavande.<\/p>\n\r\n\r\n\r\n                \r\n                                <p class=\"text-center\">\r\n                    <a href=\"https:\/\/deumavan.ch\/fr\/produits-deumavan\/pommade-intime-deumavan\/\" class=\"btn light \">\r\n                        <span class=\"text\" style=\" color: #ffffff; \" >En savoir plus sur la pommade protectrice Deumavan<\/span>\r\n                        <span class=\"btnarrow\"><\/span>\r\n                    <\/a>\r\n                <\/p>\r\n                \r\n                <\/div><\/div> <!-- box text -->\r\n\r\n            \r\n            <style type=\"text\/css\">\r\n                #grid-block_2a9faf435b76448b046f9d4d07ea4090 .box_right {\r\n                                        \r\n                                    }\r\n                #grid-block_2a9faf435b76448b046f9d4d07ea4090 .box_right a{\r\n                                    }\r\n            <\/style>\r\n\r\n\r\n                                                            <div class=\"box box_right image\" style=\"background-image: url(https:\/\/www.deumavan.ch\/wp-content\/uploads\/2020\/07\/deumavan-schutzsalbe-header.jpg);\">\r\n                    <img decoding=\"async\" src=\"https:\/\/www.deumavan.ch\/wp-content\/uploads\/2020\/07\/deumavan-schutzsalbe-header.jpg\" alt=\"Ausschnitt Frau von Arm mit Herz Tattoo und Bein sinnbildlich f\u00fcr Pflege Deumavan\u00ae Schutzsalbe\" \/>\r\n                <\/div>\r\n                \r\n                                <\/div>\r\n    <\/div>\r\n<\/div>\r\n\r\n\r\n\r\n\n\n\r\n\r\n\r\n\r\n\r\n\r\n<style type=\"text\/css\">\r\n\t#content-block_08f3e317e88777a1097b6f854aa1d44f {\r\n\t\t background-color: #f7f7f7;                 \t}\r\n\r\n    #content-block_08f3e317e88777a1097b6f854aa1d44f .container {\r\n\t\t        \t     margin-bottom: 20px;                     }\r\n    #content-block_08f3e317e88777a1097b6f854aa1d44f .container h2{\r\n            }\r\n<\/style>\r\n\r\n\r\n\r\n\r\n\r\n\r\n\r\n\r\n<div id=\"content-block_08f3e317e88777a1097b6f854aa1d44f\" class=\"block_content alignfull narrow\">\r\n\r\n\r\n    \r\n    <div class=\"container  \">\r\n        <div class=\"inner\" >\r\n            <h2 style=\" color: #ff6900; \">Acheter Deumavan<\/h2>\r\n\r\n            <div class=\"content cols one\" style=\"\">\r\n                <div class=\"col\">\r\n                    <p>La pommade protectrice et la solution lavante Deumavan sont disponibles sans ordonnance dans les pharmacies et drogueries de Suisse. Les professionnels des pharmacies et drogueries vous conseilleront volontiers sur place.<\/p>\n                <\/div>\r\n                            <\/div>\r\n\r\n\r\n            \r\n                        <p class=\"text-center\">\r\n                <a href=\"https:\/\/deumavan.ch\/fr\/acheter-produits-deumavan\/\" class=\"btn dark \">\r\n                    <span class=\"text\" style=\"\" >Acheter Deumavan<\/span>\r\n                    <span class=\"btnarrow\"><\/span>\r\n                <\/a>\r\n            <\/p>\r\n            \r\n\r\n        <\/div>\r\n    <\/div>\r\n<\/div>","protected":false},"excerpt":{"rendered":"","protected":false},"author":2,"featured_media":0,"parent":1972,"menu_order":0,"comment_status":"closed","ping_status":"closed","template":"","meta":{"_acf_changed":false,"footnotes":""},"class_list":["post-1976","page","type-page","status-publish","hentry"],"acf":[],"yoast_head":"<!-- This site is optimized with the Yoast SEO plugin v27.3 - https:\/\/yoast.com\/product\/yoast-seo-wordpress\/ -->\n<title>Solution lavante nature et \u00e0 la lavande Deumavan\u00ae | Deumavan\u00ae<\/title>\n<meta name=\"description\" content=\"Nettoyage en douceur et durablement avec la solution lavante nature et \u00e0 la lavande Deumavan\u00ae. \u2713sans hormones \u2713application quotidienne\" \/>\n<meta name=\"robots\" content=\"index, follow, max-snippet:-1, max-image-preview:large, max-video-preview:-1\" \/>\n<link rel=\"canonical\" href=\"https:\/\/www.deumavan.ch\/fr\/produits-deumavan\/solution-lavante-deumavan\/\" \/>\n<meta property=\"og:locale\" content=\"fr_FR\" \/>\n<meta property=\"og:type\" content=\"article\" \/>\n<meta property=\"og:title\" content=\"Solution lavante nature et \u00e0 la lavande Deumavan\u00ae | Deumavan\u00ae\" \/>\n<meta property=\"og:description\" content=\"Nettoyage en douceur et durablement avec la solution lavante nature et \u00e0 la lavande Deumavan\u00ae. \u2713sans hormones \u2713application quotidienne\" \/>\n<meta property=\"og:url\" content=\"https:\/\/www.deumavan.ch\/fr\/produits-deumavan\/solution-lavante-deumavan\/\" \/>\n<meta property=\"og:site_name\" content=\"Deumavan\" \/>\n<meta property=\"article:modified_time\" content=\"2025-07-03T12:59:56+00:00\" \/>\n<meta name=\"twitter:card\" content=\"summary_large_image\" \/>\n<script type=\"application\/ld+json\" class=\"yoast-schema-graph\">{\"@context\":\"https:\\\/\\\/schema.org\",\"@graph\":[{\"@type\":\"WebPage\",\"@id\":\"https:\\\/\\\/www.deumavan.ch\\\/fr\\\/produits-deumavan\\\/solution-lavante-deumavan\\\/\",\"url\":\"https:\\\/\\\/www.deumavan.ch\\\/fr\\\/produits-deumavan\\\/solution-lavante-deumavan\\\/\",\"name\":\"Solution lavante nature et \u00e0 la lavande Deumavan\u00ae | Deumavan\u00ae\",\"isPartOf\":{\"@id\":\"https:\\\/\\\/www.deumavan.ch\\\/fr\\\/?lang=it\\\/#website\"},\"datePublished\":\"2020-04-23T10:15:01+00:00\",\"dateModified\":\"2025-07-03T12:59:56+00:00\",\"description\":\"Nettoyage en douceur et durablement avec la solution lavante nature et \u00e0 la lavande Deumavan\u00ae. \u2713sans hormones \u2713application quotidienne\",\"breadcrumb\":{\"@id\":\"https:\\\/\\\/www.deumavan.ch\\\/fr\\\/produits-deumavan\\\/solution-lavante-deumavan\\\/#breadcrumb\"},\"inLanguage\":\"fr-FR\",\"potentialAction\":[{\"@type\":\"ReadAction\",\"target\":[\"https:\\\/\\\/www.deumavan.ch\\\/fr\\\/produits-deumavan\\\/solution-lavante-deumavan\\\/\"]}]},{\"@type\":\"BreadcrumbList\",\"@id\":\"https:\\\/\\\/www.deumavan.ch\\\/fr\\\/produits-deumavan\\\/solution-lavante-deumavan\\\/#breadcrumb\",\"itemListElement\":[{\"@type\":\"ListItem\",\"position\":1,\"name\":\"Home\",\"item\":\"https:\\\/\\\/www.deumavan.ch\\\/fr\\\/\"},{\"@type\":\"ListItem\",\"position\":2,\"name\":\"Produits Deumavan\",\"item\":\"https:\\\/\\\/www.deumavan.ch\\\/fr\\\/produits-deumavan\\\/\"},{\"@type\":\"ListItem\",\"position\":3,\"name\":\"Solution lavante Deumavan\"}]},{\"@type\":\"WebSite\",\"@id\":\"https:\\\/\\\/www.deumavan.ch\\\/fr\\\/?lang=it\\\/#website\",\"url\":\"https:\\\/\\\/www.deumavan.ch\\\/fr\\\/?lang=it\\\/\",\"name\":\"Deumavan\",\"description\":\"\",\"potentialAction\":[{\"@type\":\"SearchAction\",\"target\":{\"@type\":\"EntryPoint\",\"urlTemplate\":\"https:\\\/\\\/www.deumavan.ch\\\/fr\\\/?lang=it\\\/?s={search_term_string}\"},\"query-input\":{\"@type\":\"PropertyValueSpecification\",\"valueRequired\":true,\"valueName\":\"search_term_string\"}}],\"inLanguage\":\"fr-FR\"}]}<\/script>\n<!-- \/ Yoast SEO plugin. -->","yoast_head_json":{"title":"Solution lavante nature et \u00e0 la lavande Deumavan\u00ae | Deumavan\u00ae","description":"Nettoyage en douceur et durablement avec la solution lavante nature et \u00e0 la lavande Deumavan\u00ae. \u2713sans hormones \u2713application quotidienne","robots":{"index":"index","follow":"follow","max-snippet":"max-snippet:-1","max-image-preview":"max-image-preview:large","max-video-preview":"max-video-preview:-1"},"canonical":"https:\/\/www.deumavan.ch\/fr\/produits-deumavan\/solution-lavante-deumavan\/","og_locale":"fr_FR","og_type":"article","og_title":"Solution lavante nature et \u00e0 la lavande Deumavan\u00ae | Deumavan\u00ae","og_description":"Nettoyage en douceur et durablement avec la solution lavante nature et \u00e0 la lavande Deumavan\u00ae. \u2713sans hormones \u2713application quotidienne","og_url":"https:\/\/www.deumavan.ch\/fr\/produits-deumavan\/solution-lavante-deumavan\/","og_site_name":"Deumavan","article_modified_time":"2025-07-03T12:59:56+00:00","twitter_card":"summary_large_image","schema":{"@context":"https:\/\/schema.org","@graph":[{"@type":"WebPage","@id":"https:\/\/www.deumavan.ch\/fr\/produits-deumavan\/solution-lavante-deumavan\/","url":"https:\/\/www.deumavan.ch\/fr\/produits-deumavan\/solution-lavante-deumavan\/","name":"Solution lavante nature et \u00e0 la lavande Deumavan\u00ae | Deumavan\u00ae","isPartOf":{"@id":"https:\/\/www.deumavan.ch\/fr\/?lang=it\/#website"},"datePublished":"2020-04-23T10:15:01+00:00","dateModified":"2025-07-03T12:59:56+00:00","description":"Nettoyage en douceur et durablement avec la solution lavante nature et \u00e0 la lavande Deumavan\u00ae. \u2713sans hormones \u2713application quotidienne","breadcrumb":{"@id":"https:\/\/www.deumavan.ch\/fr\/produits-deumavan\/solution-lavante-deumavan\/#breadcrumb"},"inLanguage":"fr-FR","potentialAction":[{"@type":"ReadAction","target":["https:\/\/www.deumavan.ch\/fr\/produits-deumavan\/solution-lavante-deumavan\/"]}]},{"@type":"BreadcrumbList","@id":"https:\/\/www.deumavan.ch\/fr\/produits-deumavan\/solution-lavante-deumavan\/#breadcrumb","itemListElement":[{"@type":"ListItem","position":1,"name":"Home","item":"https:\/\/www.deumavan.ch\/fr\/"},{"@type":"ListItem","position":2,"name":"Produits Deumavan","item":"https:\/\/www.deumavan.ch\/fr\/produits-deumavan\/"},{"@type":"ListItem","position":3,"name":"Solution lavante Deumavan"}]},{"@type":"WebSite","@id":"https:\/\/www.deumavan.ch\/fr\/?lang=it\/#website","url":"https:\/\/www.deumavan.ch\/fr\/?lang=it\/","name":"Deumavan","description":"","potentialAction":[{"@type":"SearchAction","target":{"@type":"EntryPoint","urlTemplate":"https:\/\/www.deumavan.ch\/fr\/?lang=it\/?s={search_term_string}"},"query-input":{"@type":"PropertyValueSpecification","valueRequired":true,"valueName":"search_term_string"}}],"inLanguage":"fr-FR"}]}},"_links":{"self":[{"href":"https:\/\/www.deumavan.ch\/fr\/wp-json\/wp\/v2\/pages\/1976","targetHints":{"allow":["GET"]}}],"collection":[{"href":"https:\/\/www.deumavan.ch\/fr\/wp-json\/wp\/v2\/pages"}],"about":[{"href":"https:\/\/www.deumavan.ch\/fr\/wp-json\/wp\/v2\/types\/page"}],"author":[{"embeddable":true,"href":"https:\/\/www.deumavan.ch\/fr\/wp-json\/wp\/v2\/users\/2"}],"replies":[{"embeddable":true,"href":"https:\/\/www.deumavan.ch\/fr\/wp-json\/wp\/v2\/comments?post=1976"}],"version-history":[{"count":37,"href":"https:\/\/www.deumavan.ch\/fr\/wp-json\/wp\/v2\/pages\/1976\/revisions"}],"predecessor-version":[{"id":6462,"href":"https:\/\/www.deumavan.ch\/fr\/wp-json\/wp\/v2\/pages\/1976\/revisions\/6462"}],"up":[{"embeddable":true,"href":"https:\/\/www.deumavan.ch\/fr\/wp-json\/wp\/v2\/pages\/1972"}],"wp:attachment":[{"href":"https:\/\/www.deumavan.ch\/fr\/wp-json\/wp\/v2\/media?parent=1976"}],"curies":[{"name":"wp","href":"https:\/\/api.w.org\/{rel}","templated":true}]}}