{"id":2476,"date":"2020-08-07T09:02:27","date_gmt":"2020-08-07T07:02:27","guid":{"rendered":"https:\/\/dev.deumavan.ch\/?page_id=2476"},"modified":"2023-07-13T14:43:54","modified_gmt":"2023-07-13T12:43:54","slug":"pommade-protectrice","status":"publish","type":"page","link":"https:\/\/www.deumavan.ch\/fr\/pommade-protectrice\/","title":{"rendered":"Pommade protectrice"},"content":{"rendered":"\r\n\r\n\r\n\r\n\r\n\r\n<style type=\"text\/css\">\r\n\t#content-block_eb55f64c236cccf7084b45f363bb2a0c {\r\n\t\t                \t}\r\n\r\n    #content-block_eb55f64c236cccf7084b45f363bb2a0c .container {\r\n\t\t        \t                        }\r\n    #content-block_eb55f64c236cccf7084b45f363bb2a0c .container h2{\r\n            }\r\n<\/style>\r\n\r\n\r\n\r\n\r\n\r\n\r\n\r\n\r\n<div id=\"content-block_eb55f64c236cccf7084b45f363bb2a0c\" class=\"block_content alignfull narrow\">\r\n\r\n\r\n    \r\n    <div class=\"container  \">\r\n        <div class=\"inner\" >\r\n            <h2 style=\"\"><\/h2>\r\n\r\n            <div class=\"content cols one\" style=\"\">\r\n                <div class=\"col\">\r\n                                    <\/div>\r\n                            <\/div>\r\n\r\n\r\n            \r\n            \r\n\r\n        <\/div>\r\n    <\/div>\r\n<\/div>\n\n\r\n\r\n\r\n\r\n\r\n\r\n<style type=\"text\/css\">\r\n\t#content-block_6084e6ed7f59a64529c23e050f593234 {\r\n\t\t                \t}\r\n\r\n    #content-block_6084e6ed7f59a64529c23e050f593234 .container {\r\n\t\t        \t                        }\r\n    #content-block_6084e6ed7f59a64529c23e050f593234 .container h2{\r\n            }\r\n<\/style>\r\n\r\n\r\n\r\n\r\n\r\n\r\n\r\n\r\n<div id=\"content-block_6084e6ed7f59a64529c23e050f593234\" class=\"block_content alignfull narrow\">\r\n\r\n\r\n    \r\n    <div class=\"container  \">\r\n        <div class=\"inner\" >\r\n            <h2 style=\"\">La page demand\u00e9e n&rsquo;a pas \u00e9t\u00e9 trouv\u00e9e. <\/h2>\r\n\r\n            <div class=\"content cols one\" style=\"\">\r\n                <div class=\"col\">\r\n                                    <\/div>\r\n                            <\/div>\r\n\r\n\r\n            \r\n                        <p class=\"text-center\">\r\n                <a href=\"https:\/\/deumavan.ch\/fr\/\" class=\"btn dark \">\r\n                    <span class=\"text\" style=\"\" >Vers la page d&rsquo;accueil<\/span>\r\n                    <span class=\"btnarrow\"><\/span>\r\n                <\/a>\r\n            <\/p>\r\n            \r\n\r\n        <\/div>\r\n    <\/div>\r\n<\/div>\n\n\r\n\r\n\r\n\r\n\r\n\r\n<style type=\"text\/css\">\r\n\t#content-block_dbe9901a76c990fe008ddbd47584f8ed {\r\n\t\t background-color: #f7f7f7;                 \t}\r\n\r\n    #content-block_dbe9901a76c990fe008ddbd47584f8ed .container {\r\n\t\t        \t                        }\r\n    #content-block_dbe9901a76c990fe008ddbd47584f8ed .container h2{\r\n            }\r\n<\/style>\r\n\r\n\r\n\r\n\r\n\r\n\r\n\r\n\r\n<div id=\"content-block_dbe9901a76c990fe008ddbd47584f8ed\" class=\"block_content alignfull narrow\">\r\n\r\n\r\n    \r\n    <div class=\"container  \">\r\n        <div class=\"inner\" >\r\n            <h2 style=\"\">Cela pourrait vous int\u00e9resser<\/h2>\r\n\r\n            <div class=\"content cols one\" style=\"\">\r\n                <div class=\"col\">\r\n                                    <\/div>\r\n                            <\/div>\r\n\r\n\r\n            \r\n            \r\n\r\n        <\/div>\r\n    <\/div>\r\n<\/div>\n\n\n<style type=\"text\/css\">\n\t#products-block_94f6cd6398b3736ed8ba67ef90332627 {\n         background-color: #f7f7f7;                 \t}\n\n<\/style>\n\n<div id=\"products-block_94f6cd6398b3736ed8ba67ef90332627\" class=\"block_grid_product_wrap alignfull\">\n\t<div class=\"container\">\n        <div class=\"box_wrap\">\n                                                <div class=\"box product_box\">\n\n                                                \n                        <div class=\"name\">\n                            Produits Deumavan                         <\/div>\n                        <div class=\"description\">\n                            <p>La <a href=\"https:\/\/deumavan.ch\/fr\/troubles-region-intime\/irritations-cutanees-region-intime-externe\/\">peau sensible<\/a> de la r\u00e9gion intime externe est quotidiennement soumise \u00e0 des contraintes m\u00e9caniques naturelles provoqu\u00e9es par la marche, la position assise, le v\u00e9lo, les activit\u00e9s sportives ou les rapports sexuels, pouvant avoir des cons\u00e9quences d\u00e9sagr\u00e9ables. C\u2019est pourquoi la peau de la r\u00e9gion intime externe n\u00e9cessite une attention et un soin particuliers. Deumavan est un produit de soin \u00e0 base de pommade pour la r\u00e9gion intime externe f\u00e9minine et masculine. Utilisation de Deumavan: pour une application locale quotidienne et une protection ext\u00e9rieure de l\u2019ensemble de la r\u00e9gion intime.<\/p>\n                        <\/div>\n\n\n\n                        \n\n                        \n                                                <p class=\"text-center\">\n                            <a href=\"https:\/\/deumavan.ch\/fr\/produits-deumavan\/\" class=\"btn dark \"  >\n                                <span class=\"text\" style=\"\" >en savoir plus<\/span>\n                                <span class=\"btnarrow\"><\/span>\n                            <\/a>\n                        <\/p>\n                                            <\/div>\n                                    <div class=\"box product_box\">\n\n                                                \n                        <div class=\"name\">\n                            Soin intime                        <\/div>\n                        <div class=\"description\">\n                            <p>La peau sensible de la r\u00e9gion intime externe est quotidiennement soumise \u00e0 des contraintes m\u00e9caniques naturelles provoqu\u00e9es par la marche, la position assise, le v\u00e9lo, les activit\u00e9s sportives ou les rapports sexuels, pouvant avoir des cons\u00e9quences d\u00e9sagr\u00e9ables.<\/p>\n<p>L\u2019urine, le passage \u00e0 la selle et le port d\u2019une serviette hygi\u00e9nique agressent la peau de la r\u00e9gion intime.<\/p>\n<p>C\u2019est pourquoi la peau de la r\u00e9gion intime externe n\u00e9cessite une attention et un soin particuliers.<\/p>\n                        <\/div>\n\n\n\n                        \n\n                        \n                                                <p class=\"text-center\">\n                            <a href=\"https:\/\/deumavan.ch\/fr\/soin-intime\/\" class=\"btn dark \"  >\n                                <span class=\"text\" style=\"\" >en savoir plus<\/span>\n                                <span class=\"btnarrow\"><\/span>\n                            <\/a>\n                        <\/p>\n                                            <\/div>\n                                    <\/div>\n    <\/div>\n<\/div>\n\n\n\n<style type=\"text\/css\">\n\t#products-block_f4f703b4eba11eed50aee431122a76a4 {\n                        \t}\n\n<\/style>\n\n<div id=\"products-block_f4f703b4eba11eed50aee431122a76a4\" class=\"block_grid_product_wrap alignfull\">\n\t<div class=\"container\">\n        <div class=\"box_wrap\">\n                    <\/div>\n    <\/div>\n<\/div>\n\n\n\n<p><\/p>\n","protected":false},"excerpt":{"rendered":"","protected":false},"author":2,"featured_media":0,"parent":0,"menu_order":0,"comment_status":"closed","ping_status":"closed","template":"","meta":{"_acf_changed":false,"footnotes":""},"class_list":["post-2476","page","type-page","status-publish","hentry"],"acf":[],"yoast_head":"<!-- This site is optimized with the Yoast SEO plugin v27.3 - https:\/\/yoast.com\/product\/yoast-seo-wordpress\/ -->\n<title>Pommade protectrice | Deumavan \u00ae<\/title>\n<meta name=\"description\" content=\"Vous trouverez ici un point de vente des produits Deumavan\u00ae pr\u00e8s de chez vous. \u2713sans hormones \u2713Deumavan pommade protectrice\" \/>\n<meta name=\"robots\" content=\"noindex, nofollow\" \/>\n<meta property=\"og:locale\" content=\"fr_FR\" \/>\n<meta property=\"og:type\" content=\"article\" \/>\n<meta property=\"og:title\" content=\"Pommade protectrice | Deumavan \u00ae\" \/>\n<meta property=\"og:description\" content=\"Vous trouverez ici un point de vente des produits Deumavan\u00ae pr\u00e8s de chez vous. \u2713sans hormones \u2713Deumavan pommade protectrice\" \/>\n<meta property=\"og:url\" content=\"https:\/\/www.deumavan.ch\/fr\/pommade-protectrice\/\" \/>\n<meta property=\"og:site_name\" content=\"Deumavan\" \/>\n<meta property=\"article:modified_time\" content=\"2023-07-13T12:43:54+00:00\" \/>\n<meta name=\"twitter:card\" content=\"summary_large_image\" \/>\n<script type=\"application\/ld+json\" class=\"yoast-schema-graph\">{\"@context\":\"https:\\\/\\\/schema.org\",\"@graph\":[{\"@type\":\"WebPage\",\"@id\":\"https:\\\/\\\/www.deumavan.ch\\\/fr\\\/pommade-protectrice\\\/\",\"url\":\"https:\\\/\\\/www.deumavan.ch\\\/fr\\\/pommade-protectrice\\\/\",\"name\":\"Pommade protectrice | Deumavan \u00ae\",\"isPartOf\":{\"@id\":\"https:\\\/\\\/www.deumavan.ch\\\/fr\\\/?lang=it\\\/#website\"},\"datePublished\":\"2020-08-07T07:02:27+00:00\",\"dateModified\":\"2023-07-13T12:43:54+00:00\",\"description\":\"Vous trouverez ici un point de vente des produits Deumavan\u00ae pr\u00e8s de chez vous. \u2713sans hormones \u2713Deumavan pommade protectrice\",\"breadcrumb\":{\"@id\":\"https:\\\/\\\/www.deumavan.ch\\\/fr\\\/pommade-protectrice\\\/#breadcrumb\"},\"inLanguage\":\"fr-FR\",\"potentialAction\":[{\"@type\":\"ReadAction\",\"target\":[\"https:\\\/\\\/www.deumavan.ch\\\/fr\\\/pommade-protectrice\\\/\"]}]},{\"@type\":\"BreadcrumbList\",\"@id\":\"https:\\\/\\\/www.deumavan.ch\\\/fr\\\/pommade-protectrice\\\/#breadcrumb\",\"itemListElement\":[{\"@type\":\"ListItem\",\"position\":1,\"name\":\"Home\",\"item\":\"https:\\\/\\\/www.deumavan.ch\\\/fr\\\/\"},{\"@type\":\"ListItem\",\"position\":2,\"name\":\"Pommade protectrice\"}]},{\"@type\":\"WebSite\",\"@id\":\"https:\\\/\\\/www.deumavan.ch\\\/fr\\\/?lang=it\\\/#website\",\"url\":\"https:\\\/\\\/www.deumavan.ch\\\/fr\\\/?lang=it\\\/\",\"name\":\"Deumavan\",\"description\":\"\",\"potentialAction\":[{\"@type\":\"SearchAction\",\"target\":{\"@type\":\"EntryPoint\",\"urlTemplate\":\"https:\\\/\\\/www.deumavan.ch\\\/fr\\\/?lang=it\\\/?s={search_term_string}\"},\"query-input\":{\"@type\":\"PropertyValueSpecification\",\"valueRequired\":true,\"valueName\":\"search_term_string\"}}],\"inLanguage\":\"fr-FR\"}]}<\/script>\n<!-- \/ Yoast SEO plugin. -->","yoast_head_json":{"title":"Pommade protectrice | Deumavan \u00ae","description":"Vous trouverez ici un point de vente des produits Deumavan\u00ae pr\u00e8s de chez vous. \u2713sans hormones \u2713Deumavan pommade protectrice","robots":{"index":"noindex","follow":"nofollow"},"og_locale":"fr_FR","og_type":"article","og_title":"Pommade protectrice | Deumavan \u00ae","og_description":"Vous trouverez ici un point de vente des produits Deumavan\u00ae pr\u00e8s de chez vous. \u2713sans hormones \u2713Deumavan pommade protectrice","og_url":"https:\/\/www.deumavan.ch\/fr\/pommade-protectrice\/","og_site_name":"Deumavan","article_modified_time":"2023-07-13T12:43:54+00:00","twitter_card":"summary_large_image","schema":{"@context":"https:\/\/schema.org","@graph":[{"@type":"WebPage","@id":"https:\/\/www.deumavan.ch\/fr\/pommade-protectrice\/","url":"https:\/\/www.deumavan.ch\/fr\/pommade-protectrice\/","name":"Pommade protectrice | Deumavan \u00ae","isPartOf":{"@id":"https:\/\/www.deumavan.ch\/fr\/?lang=it\/#website"},"datePublished":"2020-08-07T07:02:27+00:00","dateModified":"2023-07-13T12:43:54+00:00","description":"Vous trouverez ici un point de vente des produits Deumavan\u00ae pr\u00e8s de chez vous. \u2713sans hormones \u2713Deumavan pommade protectrice","breadcrumb":{"@id":"https:\/\/www.deumavan.ch\/fr\/pommade-protectrice\/#breadcrumb"},"inLanguage":"fr-FR","potentialAction":[{"@type":"ReadAction","target":["https:\/\/www.deumavan.ch\/fr\/pommade-protectrice\/"]}]},{"@type":"BreadcrumbList","@id":"https:\/\/www.deumavan.ch\/fr\/pommade-protectrice\/#breadcrumb","itemListElement":[{"@type":"ListItem","position":1,"name":"Home","item":"https:\/\/www.deumavan.ch\/fr\/"},{"@type":"ListItem","position":2,"name":"Pommade protectrice"}]},{"@type":"WebSite","@id":"https:\/\/www.deumavan.ch\/fr\/?lang=it\/#website","url":"https:\/\/www.deumavan.ch\/fr\/?lang=it\/","name":"Deumavan","description":"","potentialAction":[{"@type":"SearchAction","target":{"@type":"EntryPoint","urlTemplate":"https:\/\/www.deumavan.ch\/fr\/?lang=it\/?s={search_term_string}"},"query-input":{"@type":"PropertyValueSpecification","valueRequired":true,"valueName":"search_term_string"}}],"inLanguage":"fr-FR"}]}},"_links":{"self":[{"href":"https:\/\/www.deumavan.ch\/fr\/wp-json\/wp\/v2\/pages\/2476","targetHints":{"allow":["GET"]}}],"collection":[{"href":"https:\/\/www.deumavan.ch\/fr\/wp-json\/wp\/v2\/pages"}],"about":[{"href":"https:\/\/www.deumavan.ch\/fr\/wp-json\/wp\/v2\/types\/page"}],"author":[{"embeddable":true,"href":"https:\/\/www.deumavan.ch\/fr\/wp-json\/wp\/v2\/users\/2"}],"replies":[{"embeddable":true,"href":"https:\/\/www.deumavan.ch\/fr\/wp-json\/wp\/v2\/comments?post=2476"}],"version-history":[{"count":36,"href":"https:\/\/www.deumavan.ch\/fr\/wp-json\/wp\/v2\/pages\/2476\/revisions"}],"predecessor-version":[{"id":5010,"href":"https:\/\/www.deumavan.ch\/fr\/wp-json\/wp\/v2\/pages\/2476\/revisions\/5010"}],"wp:attachment":[{"href":"https:\/\/www.deumavan.ch\/fr\/wp-json\/wp\/v2\/media?parent=2476"}],"curies":[{"name":"wp","href":"https:\/\/api.w.org\/{rel}","templated":true}]}}