{"id":4816,"date":"2023-01-30T16:59:55","date_gmt":"2023-01-30T15:59:55","guid":{"rendered":"https:\/\/www.deumavan.ch\/?page_id=4816"},"modified":"2026-01-21T09:15:21","modified_gmt":"2026-01-21T08:15:21","slug":"acheter-maintenant","status":"publish","type":"page","link":"https:\/\/www.deumavan.ch\/fr\/acheter-maintenant\/","title":{"rendered":"Acheter maintenant"},"content":{"rendered":"\r\n<style type=\"text\/css\">\r\n\t#partners-block_87efa69c010763c1c181a5fd71bd65c7 {\r\n\t\t\/* Add styles that use ACF values here *\/\r\n\t}\r\n<\/style>\r\n\r\n<div id=\"partners-block_87efa69c010763c1c181a5fd71bd65c7\" class=\"block-partners alignfull\">\r\n\r\n    \t        <div class=\"image_wrap deumavan\" style=\"background: #F7F7F7\" >\r\n            <img decoding=\"async\" src=\"https:\/\/www.deumavan.ch\/wp-content\/uploads\/2022\/12\/deumavan.jpg\" alt=\"\" \/>\r\n\r\n            <div class=\"deco\">\r\n                <div><\/div>\r\n            <\/div>\r\n        <\/div>\r\n\r\n\r\n    \r\n\r\n\r\n\t<div class=\"container partners_content\">\r\n        <div class=\"shift_title\">\r\n            <h2>Acheter les produits de Deumavan aupr\u00e8s d\u2019une boutique partenaire<\/h2>\r\n        <\/div>\r\n        Nous sommes heureux que vous ayez choisi Deumavan. Achetez les produits facilement en ligne aupr\u00e8s de l\u2019une de nos boutiques partenaires.    <\/div>\r\n\r\n\r\n\t<div class=\"container\">\r\n                    <div class=\"wrap\">\r\n                                                                <div class=\"item\">\r\n                                                                                        <div class=\"logo\"><img decoding=\"async\" src=\"https:\/\/www.deumavan.ch\/wp-content\/uploads\/2023\/01\/g-g-Logo-fur-Biomed-FR.png\" alt=\"\" \/><\/div>\r\n                            \r\n                                                                                        <p class=\"text-center\">\r\n                                    <a href=\"https:\/\/www.gesund-gekauft.ch\/fr\/marques\/deumavan.html?utm_source=biomed&#038;utm_medium=buy-button&#038;utm_campaign=product-purchase&#038;utm_id=iuuftUMCzLhWNtoEUtuQdNudSRAcVUCK\" class=\"btn\"  target=\"_blank\">\r\n                                        <span class=\"text\">Acheter<\/span>\r\n                                        <span class=\"btnarrow\"><\/span>\r\n                                    <\/a>\r\n                                <\/p>\r\n                                                    <\/div>\r\n                                            <div class=\"item\">\r\n                                                                                        <div class=\"logo\"><img decoding=\"async\" src=\"https:\/\/www.deumavan.ch\/wp-content\/uploads\/2023\/02\/Coop-vitality_100_rgb.gif\" alt=\"\" \/><\/div>\r\n                            \r\n                                                                                        <p class=\"text-center\">\r\n                                    <a href=\"https:\/\/www.coopvitality.ch\/fr\/catalogsearch\/result?q=deumavan&#038;utm_source=biomed&#038;utm_medium=referral&#038;utm_campaign=cv_all_rf_biomed\" class=\"btn\"  target=\"_blank\">\r\n                                        <span class=\"text\">Acheter <\/span>\r\n                                        <span class=\"btnarrow\"><\/span>\r\n                                    <\/a>\r\n                                <\/p>\r\n                                                    <\/div>\r\n                                            <div class=\"item\">\r\n                                                                                        <div class=\"logo\"><img decoding=\"async\" src=\"https:\/\/www.deumavan.ch\/wp-content\/uploads\/2023\/02\/1_AV_Logo_claim_meineApo_f_cmyk_.png\" alt=\"\" \/><\/div>\r\n                            \r\n                                                                                        <p class=\"text-center\">\r\n                                    <a href=\"https:\/\/www.amavita.ch\/fr\/catalogsearch\/result?q=deumavan&#038;utm_source=biomed&#038;utm_medium=referral&#038;utm_campaign=ama_all_rf_biomed\" class=\"btn\"  target=\"_blank\">\r\n                                        <span class=\"text\">Acheter <\/span>\r\n                                        <span class=\"btnarrow\"><\/span>\r\n                                    <\/a>\r\n                                <\/p>\r\n                                                    <\/div>\r\n                                            <div class=\"item\">\r\n                                                                                        <div class=\"logo\"><img decoding=\"async\" src=\"https:\/\/www.deumavan.ch\/wp-content\/uploads\/2023\/02\/SST_Logo_avec_claim_fr.jpg\" alt=\"\" \/><\/div>\r\n                            \r\n                                                                                        <p class=\"text-center\">\r\n                                    <a href=\"https:\/\/www.sunstore.ch\/fr\/catalogsearch\/result?q=deumavan&#038;utm_source=biomed&#038;utm_medium=referral&#038;utm_campaign=sun_all_rf_biomed\" class=\"btn\"  target=\"_blank\">\r\n                                        <span class=\"text\">Acheter <\/span>\r\n                                        <span class=\"btnarrow\"><\/span>\r\n                                    <\/a>\r\n                                <\/p>\r\n                                                    <\/div>\r\n                                            <div class=\"item\">\r\n                                                                                        <div class=\"logo\"><img decoding=\"async\" src=\"https:\/\/www.deumavan.ch\/wp-content\/uploads\/2023\/01\/apothekedrogerie.png\" alt=\"\" \/><\/div>\r\n                            \r\n                                                                                        <p class=\"text-center\">\r\n                                    <a href=\"https:\/\/www.apothekedrogerie.ch\/index.php?route=product\/search&#038;search=deumavan&#038;description=true&#038;utm_source=biomed&#038;utm_medium=referral&#038;utm_campaign=dro_all_rf_biomed\" class=\"btn\"  target=\"_blank\">\r\n                                        <span class=\"text\">Acheter <\/span>\r\n                                        <span class=\"btnarrow\"><\/span>\r\n                                    <\/a>\r\n                                <\/p>\r\n                                                    <\/div>\r\n                                    <\/div>\r\n            <\/div>\r\n<\/div>\r\n\r\n\r\n<div class=\"partners_modal_wrap\">\r\n    <div class=\"modal\">\r\n        <p><strong>Nous attirons votre attention sur le fait que vous quittez le site www.deumavan.ch de Biomed AG.<\/strong><\/p>\r\n        <p>Biomed AG n&rsquo;a aucune influence sur la conception et le contenu des pages li\u00e9es. Nous d\u00e9clinons donc express\u00e9ment toute responsabilit\u00e9 quant \u00e0 leur contenu.<\/p>\r\n        <div class=\"buttons\">\r\n            <a class=\"close\" href=\"#\">\r\n                                    Annuler                            <\/a>\r\n            <a href=\"\" target=\"_blank\" class=\"go\">\r\n                                    OK\r\n                            <\/a>\r\n        <\/div>\r\n    <\/div>\r\n<\/div>\r\n\r\n<style>\r\n    .header .buy{\r\n        display: none !important;\r\n    }\r\n<\/style>\r\n\r\n<script>\r\n    jQuery(document).ready(function ($) {\r\n        $('.block-partners .item a').on('click', function(e){\r\n            e.preventDefault();\r\n            $('.partners_modal_wrap').addClass('active');\r\n\r\n            $('.partners_modal_wrap a.go').attr('href', $(this).attr('href'));\r\n        });\r\n\r\n        $('.partners_modal_wrap a.close').on('click', function(e){\r\n            e.preventDefault();\r\n            $('.partners_modal_wrap').removeClass('active');\r\n        });\r\n        $('.partners_modal_wrap a.go').on('click', function(e){\r\n            $('.partners_modal_wrap').removeClass('active');\r\n        });\r\n    });\r\n<\/script>\r\n\r\n\r\n\n\n\r\n<style type=\"text\/css\">\r\n\t#biomed-products-block_bfe404b6a9881998fc73927214dda0ce {\r\n\t\t\/* Add styles that use ACF values here *\/\r\n\t}\r\n<\/style>\r\n\r\n<div id=\"biomed-products-block_bfe404b6a9881998fc73927214dda0ce\" class=\"block-biomed-products alignfull\">\r\n\t<div class=\"container\">\r\n                    <div class=\"intro_text\">\r\n                                    <h3>D\u00e9couvrez \u00e9galement d\u2019autres produits de Biomed AG.<\/h3>\r\n                                            <\/div>\r\n            <div class=\"wrap\">\r\n                                    <div class=\"item\">\r\n                        <div class=\"title\">MIN\u00c9RAUX<\/div>\r\n                        <p><a href=\"https:\/\/www.magnesium-biomed.ch\/fr\/Home\" target=\"_blank\" rel=\"noopener\">Magnesium Biomed<\/a><br \/>\n<a href=\"https:\/\/www.immun-biomed.ch\/fr\/Home\" target=\"_blank\" rel=\"noopener\">Immun Biomed\/Zink Biomed<\/a><br \/>\n<a href=\"https:\/\/www.eisen-biomed.ch\/fr\/Home\" target=\"_blank\" rel=\"noopener\">Fer Biomed<\/a><\/p>\n                    <\/div>\r\n                                    <div class=\"item\">\r\n                        <div class=\"title\">MALADIE RESPIRATOIRE \/ REFROIDISSEMENT<\/div>\r\n                        <p><a href=\"https:\/\/www.sinusitis-bronchitis.ch\/fr\/Home\" target=\"_blank\" rel=\"noopener\">Sinupret extract<\/a><br \/>\n<a href=\"https:\/\/www.sinusitis-bronchitis.ch\/fr\/Home\" target=\"_blank\" rel=\"noopener\">Bronchipret Thym Lierre Sirop<\/a><\/p>\n                    <\/div>\r\n                                    <div class=\"item\">\r\n                        <div class=\"title\">SANT\u00c9 INTIME<\/div>\r\n                        <p><a href=\"https:\/\/www.canephron.ch\/fr\/\" target=\"_blank\" rel=\"noopener\">Canephron<\/a><\/p>\n<p><a href=\"https:\/\/gynenov.ch\/fr\/\" target=\"_blank\" rel=\"noopener\">Gynenov<\/a><\/p>\n                    <\/div>\r\n                                    <div class=\"item\">\r\n                        <div class=\"title\">PRODUITS DE POIDS<\/div>\r\n                        <p><a href=\"https:\/\/www.natuerlichabnehmen.ch\/fr\/inshape\" target=\"_blank\" rel=\"noopener\">InShape Biomed<\/a><\/p>\n<p><a href=\"https:\/\/www.reduforte.ch\/fr\/\" target=\"_blank\" rel=\"noopener\">Reduforte Biomed<\/a><\/p>\n<p><a href=\"https:\/\/www.natuerlichabnehmen.ch\/fr\/appcontrol\" target=\"_blank\" rel=\"noopener\">AppControl Biomed<\/a><\/p>\n<p>&nbsp;<\/p>\n                    <\/div>\r\n                                    <div class=\"item\">\r\n                        <div class=\"title\">CHEVEUX ET ONGLES<\/div>\r\n                        <p><a href=\"https:\/\/biotin.ch\/fr\/\" target=\"_blank\" rel=\"noopener\">Biotin-Biomed forte 5 mg<\/a><\/p>\n<p><a href=\"https:\/\/biotin.ch\/fr\/\" target=\"_blank\" rel=\"noopener\">Biotin-Biomed plus<\/a><\/p>\n                    <\/div>\r\n                                    <div class=\"item\">\r\n                        <div class=\"title\">PIQ\u00dbRES D\u2019INSECTES<\/div>\r\n                        <p><a href=\"https:\/\/www.parapic.ch\/fr\/Home\" target=\"_blank\" rel=\"noopener\">Parapic<\/a><\/p>\n                    <\/div>\r\n                                <\/div>\r\n            <\/div>\r\n<\/div>","protected":false},"excerpt":{"rendered":"","protected":false},"author":2,"featured_media":0,"parent":0,"menu_order":0,"comment_status":"closed","ping_status":"closed","template":"","meta":{"_acf_changed":false,"footnotes":""},"class_list":["post-4816","page","type-page","status-publish","hentry"],"acf":[],"yoast_head":"<!-- This site is optimized with the Yoast SEO plugin v27.3 - https:\/\/yoast.com\/product\/yoast-seo-wordpress\/ -->\n<title>Acheter maintenant - Deumavan<\/title>\n<meta name=\"robots\" content=\"index, follow, max-snippet:-1, max-image-preview:large, max-video-preview:-1\" \/>\n<link rel=\"canonical\" href=\"https:\/\/www.deumavan.ch\/fr\/acheter-maintenant\/\" \/>\n<meta property=\"og:locale\" content=\"fr_FR\" \/>\n<meta property=\"og:type\" content=\"article\" \/>\n<meta property=\"og:title\" content=\"Acheter maintenant - Deumavan\" \/>\n<meta property=\"og:url\" content=\"https:\/\/www.deumavan.ch\/fr\/acheter-maintenant\/\" \/>\n<meta property=\"og:site_name\" content=\"Deumavan\" \/>\n<meta property=\"article:modified_time\" content=\"2026-01-21T08:15:21+00:00\" \/>\n<meta name=\"twitter:card\" content=\"summary_large_image\" \/>\n<script type=\"application\/ld+json\" class=\"yoast-schema-graph\">{\"@context\":\"https:\\\/\\\/schema.org\",\"@graph\":[{\"@type\":\"WebPage\",\"@id\":\"https:\\\/\\\/www.deumavan.ch\\\/fr\\\/acheter-maintenant\\\/\",\"url\":\"https:\\\/\\\/www.deumavan.ch\\\/fr\\\/acheter-maintenant\\\/\",\"name\":\"Acheter maintenant - Deumavan\",\"isPartOf\":{\"@id\":\"https:\\\/\\\/www.deumavan.ch\\\/fr\\\/?lang=it\\\/#website\"},\"datePublished\":\"2023-01-30T15:59:55+00:00\",\"dateModified\":\"2026-01-21T08:15:21+00:00\",\"breadcrumb\":{\"@id\":\"https:\\\/\\\/www.deumavan.ch\\\/fr\\\/acheter-maintenant\\\/#breadcrumb\"},\"inLanguage\":\"fr-FR\",\"potentialAction\":[{\"@type\":\"ReadAction\",\"target\":[\"https:\\\/\\\/www.deumavan.ch\\\/fr\\\/acheter-maintenant\\\/\"]}]},{\"@type\":\"BreadcrumbList\",\"@id\":\"https:\\\/\\\/www.deumavan.ch\\\/fr\\\/acheter-maintenant\\\/#breadcrumb\",\"itemListElement\":[{\"@type\":\"ListItem\",\"position\":1,\"name\":\"Home\",\"item\":\"https:\\\/\\\/www.deumavan.ch\\\/fr\\\/\"},{\"@type\":\"ListItem\",\"position\":2,\"name\":\"Acheter maintenant\"}]},{\"@type\":\"WebSite\",\"@id\":\"https:\\\/\\\/www.deumavan.ch\\\/fr\\\/?lang=it\\\/#website\",\"url\":\"https:\\\/\\\/www.deumavan.ch\\\/fr\\\/?lang=it\\\/\",\"name\":\"Deumavan\",\"description\":\"\",\"potentialAction\":[{\"@type\":\"SearchAction\",\"target\":{\"@type\":\"EntryPoint\",\"urlTemplate\":\"https:\\\/\\\/www.deumavan.ch\\\/fr\\\/?lang=it\\\/?s={search_term_string}\"},\"query-input\":{\"@type\":\"PropertyValueSpecification\",\"valueRequired\":true,\"valueName\":\"search_term_string\"}}],\"inLanguage\":\"fr-FR\"}]}<\/script>\n<!-- \/ Yoast SEO plugin. -->","yoast_head_json":{"title":"Acheter maintenant - Deumavan","robots":{"index":"index","follow":"follow","max-snippet":"max-snippet:-1","max-image-preview":"max-image-preview:large","max-video-preview":"max-video-preview:-1"},"canonical":"https:\/\/www.deumavan.ch\/fr\/acheter-maintenant\/","og_locale":"fr_FR","og_type":"article","og_title":"Acheter maintenant - Deumavan","og_url":"https:\/\/www.deumavan.ch\/fr\/acheter-maintenant\/","og_site_name":"Deumavan","article_modified_time":"2026-01-21T08:15:21+00:00","twitter_card":"summary_large_image","schema":{"@context":"https:\/\/schema.org","@graph":[{"@type":"WebPage","@id":"https:\/\/www.deumavan.ch\/fr\/acheter-maintenant\/","url":"https:\/\/www.deumavan.ch\/fr\/acheter-maintenant\/","name":"Acheter maintenant - Deumavan","isPartOf":{"@id":"https:\/\/www.deumavan.ch\/fr\/?lang=it\/#website"},"datePublished":"2023-01-30T15:59:55+00:00","dateModified":"2026-01-21T08:15:21+00:00","breadcrumb":{"@id":"https:\/\/www.deumavan.ch\/fr\/acheter-maintenant\/#breadcrumb"},"inLanguage":"fr-FR","potentialAction":[{"@type":"ReadAction","target":["https:\/\/www.deumavan.ch\/fr\/acheter-maintenant\/"]}]},{"@type":"BreadcrumbList","@id":"https:\/\/www.deumavan.ch\/fr\/acheter-maintenant\/#breadcrumb","itemListElement":[{"@type":"ListItem","position":1,"name":"Home","item":"https:\/\/www.deumavan.ch\/fr\/"},{"@type":"ListItem","position":2,"name":"Acheter maintenant"}]},{"@type":"WebSite","@id":"https:\/\/www.deumavan.ch\/fr\/?lang=it\/#website","url":"https:\/\/www.deumavan.ch\/fr\/?lang=it\/","name":"Deumavan","description":"","potentialAction":[{"@type":"SearchAction","target":{"@type":"EntryPoint","urlTemplate":"https:\/\/www.deumavan.ch\/fr\/?lang=it\/?s={search_term_string}"},"query-input":{"@type":"PropertyValueSpecification","valueRequired":true,"valueName":"search_term_string"}}],"inLanguage":"fr-FR"}]}},"_links":{"self":[{"href":"https:\/\/www.deumavan.ch\/fr\/wp-json\/wp\/v2\/pages\/4816","targetHints":{"allow":["GET"]}}],"collection":[{"href":"https:\/\/www.deumavan.ch\/fr\/wp-json\/wp\/v2\/pages"}],"about":[{"href":"https:\/\/www.deumavan.ch\/fr\/wp-json\/wp\/v2\/types\/page"}],"author":[{"embeddable":true,"href":"https:\/\/www.deumavan.ch\/fr\/wp-json\/wp\/v2\/users\/2"}],"replies":[{"embeddable":true,"href":"https:\/\/www.deumavan.ch\/fr\/wp-json\/wp\/v2\/comments?post=4816"}],"version-history":[{"count":34,"href":"https:\/\/www.deumavan.ch\/fr\/wp-json\/wp\/v2\/pages\/4816\/revisions"}],"predecessor-version":[{"id":6628,"href":"https:\/\/www.deumavan.ch\/fr\/wp-json\/wp\/v2\/pages\/4816\/revisions\/6628"}],"wp:attachment":[{"href":"https:\/\/www.deumavan.ch\/fr\/wp-json\/wp\/v2\/media?parent=4816"}],"curies":[{"name":"wp","href":"https:\/\/api.w.org\/{rel}","templated":true}]}}