{"id":2522,"date":"2020-08-07T09:02:29","date_gmt":"2020-08-07T07:02:29","guid":{"rendered":"https:\/\/dev.deumavan.ch\/?page_id=2522"},"modified":"2023-07-13T14:40:39","modified_gmt":"2023-07-13T12:40:39","slug":"404-pagina-non-trovata","status":"publish","type":"page","link":"https:\/\/www.deumavan.ch\/it\/404-pagina-non-trovata\/","title":{"rendered":"404: Pagina non trovata"},"content":{"rendered":"\r\n\r\n\r\n\r\n\r\n\r\n<style type=\"text\/css\">\r\n\t#content-block_de36e7c688ec7c8da2d86bbcca9bcc56 {\r\n\t\t                \t}\r\n\r\n    #content-block_de36e7c688ec7c8da2d86bbcca9bcc56 .container {\r\n\t\t        \t                        }\r\n    #content-block_de36e7c688ec7c8da2d86bbcca9bcc56 .container h2{\r\n            }\r\n<\/style>\r\n\r\n\r\n\r\n\r\n\r\n\r\n\r\n\r\n<div id=\"content-block_de36e7c688ec7c8da2d86bbcca9bcc56\" class=\"block_content alignfull narrow\">\r\n\r\n\r\n    \r\n    <div class=\"container  \">\r\n        <div class=\"inner\" >\r\n            <h2 style=\"\"><\/h2>\r\n\r\n            <div class=\"content cols one\" style=\"\">\r\n                <div class=\"col\">\r\n                                    <\/div>\r\n                            <\/div>\r\n\r\n\r\n            \r\n            \r\n\r\n        <\/div>\r\n    <\/div>\r\n<\/div>\n\n\r\n\r\n\r\n\r\n\r\n\r\n<style type=\"text\/css\">\r\n\t#content-block_79497f46c8f98780ae4ddc126a58868f {\r\n\t\t                \t}\r\n\r\n    #content-block_79497f46c8f98780ae4ddc126a58868f .container {\r\n\t\t        \t                        }\r\n    #content-block_79497f46c8f98780ae4ddc126a58868f .container h2{\r\n            }\r\n<\/style>\r\n\r\n\r\n\r\n\r\n\r\n\r\n\r\n\r\n<div id=\"content-block_79497f46c8f98780ae4ddc126a58868f\" class=\"block_content alignfull narrow\">\r\n\r\n\r\n    \r\n    <div class=\"container  \">\r\n        <div class=\"inner\" >\r\n            <h2 style=\"\">La pagina richiesta non \u00e8 stata trovata.<\/h2>\r\n\r\n            <div class=\"content cols one\" style=\"\">\r\n                <div class=\"col\">\r\n                                    <\/div>\r\n                            <\/div>\r\n\r\n\r\n            \r\n                        <p class=\"text-center\">\r\n                <a href=\"https:\/\/deumavan.ch\/it\/\" class=\"btn dark \">\r\n                    <span class=\"text\" style=\"\" >Alla home page<\/span>\r\n                    <span class=\"btnarrow\"><\/span>\r\n                <\/a>\r\n            <\/p>\r\n            \r\n\r\n        <\/div>\r\n    <\/div>\r\n<\/div>\n\n\r\n\r\n\r\n\r\n\r\n\r\n<style type=\"text\/css\">\r\n\t#content-block_d42ff59eb0111f9f3431413e2f5f6920 {\r\n\t\t background-color: #f7f7f7;                 \t}\r\n\r\n    #content-block_d42ff59eb0111f9f3431413e2f5f6920 .container {\r\n\t\t        \t                        }\r\n    #content-block_d42ff59eb0111f9f3431413e2f5f6920 .container h2{\r\n            }\r\n<\/style>\r\n\r\n\r\n\r\n\r\n\r\n\r\n\r\n\r\n<div id=\"content-block_d42ff59eb0111f9f3431413e2f5f6920\" class=\"block_content alignfull narrow\">\r\n\r\n\r\n    \r\n    <div class=\"container  \">\r\n        <div class=\"inner\" >\r\n            <h2 style=\"\">Questo potrebbe interessarvi<\/h2>\r\n\r\n            <div class=\"content cols one\" style=\"\">\r\n                <div class=\"col\">\r\n                                    <\/div>\r\n                            <\/div>\r\n\r\n\r\n            \r\n            \r\n\r\n        <\/div>\r\n    <\/div>\r\n<\/div>\n\n\n<style type=\"text\/css\">\n\t#products-block_faaa045cb3644f33071ccc3421e2372c {\n         background-color: #f7f7f7;                 \t}\n\n<\/style>\n\n<div id=\"products-block_faaa045cb3644f33071ccc3421e2372c\" class=\"block_grid_product_wrap alignfull\">\n\t<div class=\"container\">\n        <div class=\"box_wrap\">\n                                                <div class=\"box product_box\">\n\n                                                \n                        <div class=\"name\">\n                            Prodotti Deumavan                        <\/div>\n                        <div class=\"description\">\n                            <p>La <a href=\"https:\/\/deumavan.ch\/it\/igiene-intima\/\">pelle sensibile delle zone intime<\/a> esterne \u00e8 messa a dura prova ogni giorno da sollecitazioni meccaniche naturali come comminare, stare seduti, andare in bicicletta, attivit\u00e0 sportive o rapporti sessuali. Ci\u00f2 pu\u00f2 avere conseguenze spiacevoli. Pertanto la pelle delle zone intime esterne ha bisogno di cure particolarmente attente e delicate. Deumavan \u00e8 un prodotto curativo formulato come pomata per le zone intime esterne per lei e per lui.<br \/>\n<strong>Uso di Deumavan:<\/strong> Quale protezione esterna locale quotidiana per tutte le zone intime.<\/p>\n                        <\/div>\n\n\n\n                        \n\n                        \n                                                <p class=\"text-center\">\n                            <a href=\"https:\/\/deumavan.ch\/it\/prodotti-deumavan\/\" class=\"btn dark \"  >\n                                <span class=\"text\" style=\"\" >Maggiori informazioni<\/span>\n                                <span class=\"btnarrow\"><\/span>\n                            <\/a>\n                        <\/p>\n                                            <\/div>\n                                    <div class=\"box product_box\">\n\n                                                \n                        <div class=\"name\">\n                            Igiene intima                        <\/div>\n                        <div class=\"description\">\n                            <p>La pelle sensibile delle zone intime esterne \u00e8 messa a dura prova ogni giorno da sollecitazioni meccaniche naturali come comminare, stare seduti, andare in bicicletta, attivit\u00e0 sportive o rapporti sessuali.<\/p>\n<p>Ci\u00f2 pu\u00f2 avere conseguenze spiacevoli. Anche urina, feci, pannolini e pannoloni possono irritare la pelle delle zone intime.<\/p>\n<p>Pertanto la pelle delle zone intime esterne ha bisogno di cure particolarmente attente e delicate.<\/p>\n                        <\/div>\n\n\n\n                        \n\n                        \n                                                <p class=\"text-center\">\n                            <a href=\"https:\/\/deumavan.ch\/it\/igiene-intima\/\" class=\"btn dark \"  >\n                                <span class=\"text\" style=\"\" >Maggiori informazioni<\/span>\n                                <span class=\"btnarrow\"><\/span>\n                            <\/a>\n                        <\/p>\n                                            <\/div>\n                                    <\/div>\n    <\/div>\n<\/div>\n\n\n\n<style type=\"text\/css\">\n\t#products-block_b8b8f4519332ec65cf7d89a8c4ada65f {\n                        \t}\n\n<\/style>\n\n<div id=\"products-block_b8b8f4519332ec65cf7d89a8c4ada65f\" class=\"block_grid_product_wrap alignfull\">\n\t<div class=\"container\">\n        <div class=\"box_wrap\">\n                    <\/div>\n    <\/div>\n<\/div>\n\n\n\n<p><\/p>\n","protected":false},"excerpt":{"rendered":"","protected":false},"author":2,"featured_media":0,"parent":0,"menu_order":0,"comment_status":"closed","ping_status":"closed","template":"","meta":{"_acf_changed":false,"footnotes":""},"class_list":["post-2522","page","type-page","status-publish","hentry"],"acf":[],"yoast_head":"<!-- This site is optimized with the Yoast SEO plugin v27.3 - https:\/\/yoast.com\/product\/yoast-seo-wordpress\/ -->\n<title>404: Pagina non trovata | Deumavan \u00ae<\/title>\n<meta name=\"robots\" content=\"noindex, nofollow\" \/>\n<meta property=\"og:locale\" content=\"it_IT\" \/>\n<meta property=\"og:type\" content=\"article\" \/>\n<meta property=\"og:title\" content=\"404: Pagina non trovata | Deumavan \u00ae\" \/>\n<meta property=\"og:url\" content=\"https:\/\/www.deumavan.ch\/it\/404-pagina-non-trovata\/\" \/>\n<meta property=\"og:site_name\" content=\"Deumavan\" \/>\n<meta property=\"article:modified_time\" content=\"2023-07-13T12:40:39+00:00\" \/>\n<meta name=\"twitter:card\" content=\"summary_large_image\" \/>\n<script type=\"application\/ld+json\" class=\"yoast-schema-graph\">{\"@context\":\"https:\\\/\\\/schema.org\",\"@graph\":[{\"@type\":\"WebPage\",\"@id\":\"https:\\\/\\\/www.deumavan.ch\\\/it\\\/404-pagina-non-trovata\\\/\",\"url\":\"https:\\\/\\\/www.deumavan.ch\\\/it\\\/404-pagina-non-trovata\\\/\",\"name\":\"404: Pagina non trovata | Deumavan \u00ae\",\"isPartOf\":{\"@id\":\"https:\\\/\\\/www.deumavan.ch\\\/it\\\/?lang=it\\\/#website\"},\"datePublished\":\"2020-08-07T07:02:29+00:00\",\"dateModified\":\"2023-07-13T12:40:39+00:00\",\"breadcrumb\":{\"@id\":\"https:\\\/\\\/www.deumavan.ch\\\/it\\\/404-pagina-non-trovata\\\/#breadcrumb\"},\"inLanguage\":\"it-IT\",\"potentialAction\":[{\"@type\":\"ReadAction\",\"target\":[\"https:\\\/\\\/www.deumavan.ch\\\/it\\\/404-pagina-non-trovata\\\/\"]}]},{\"@type\":\"BreadcrumbList\",\"@id\":\"https:\\\/\\\/www.deumavan.ch\\\/it\\\/404-pagina-non-trovata\\\/#breadcrumb\",\"itemListElement\":[{\"@type\":\"ListItem\",\"position\":1,\"name\":\"Home\",\"item\":\"https:\\\/\\\/www.deumavan.ch\\\/it\\\/\"},{\"@type\":\"ListItem\",\"position\":2,\"name\":\"404: Pagina non trovata\"}]},{\"@type\":\"WebSite\",\"@id\":\"https:\\\/\\\/www.deumavan.ch\\\/it\\\/?lang=it\\\/#website\",\"url\":\"https:\\\/\\\/www.deumavan.ch\\\/it\\\/?lang=it\\\/\",\"name\":\"Deumavan\",\"description\":\"\",\"potentialAction\":[{\"@type\":\"SearchAction\",\"target\":{\"@type\":\"EntryPoint\",\"urlTemplate\":\"https:\\\/\\\/www.deumavan.ch\\\/it\\\/?lang=it\\\/?s={search_term_string}\"},\"query-input\":{\"@type\":\"PropertyValueSpecification\",\"valueRequired\":true,\"valueName\":\"search_term_string\"}}],\"inLanguage\":\"it-IT\"}]}<\/script>\n<!-- \/ Yoast SEO plugin. -->","yoast_head_json":{"title":"404: Pagina non trovata | Deumavan \u00ae","robots":{"index":"noindex","follow":"nofollow"},"og_locale":"it_IT","og_type":"article","og_title":"404: Pagina non trovata | Deumavan \u00ae","og_url":"https:\/\/www.deumavan.ch\/it\/404-pagina-non-trovata\/","og_site_name":"Deumavan","article_modified_time":"2023-07-13T12:40:39+00:00","twitter_card":"summary_large_image","schema":{"@context":"https:\/\/schema.org","@graph":[{"@type":"WebPage","@id":"https:\/\/www.deumavan.ch\/it\/404-pagina-non-trovata\/","url":"https:\/\/www.deumavan.ch\/it\/404-pagina-non-trovata\/","name":"404: Pagina non trovata | Deumavan \u00ae","isPartOf":{"@id":"https:\/\/www.deumavan.ch\/it\/?lang=it\/#website"},"datePublished":"2020-08-07T07:02:29+00:00","dateModified":"2023-07-13T12:40:39+00:00","breadcrumb":{"@id":"https:\/\/www.deumavan.ch\/it\/404-pagina-non-trovata\/#breadcrumb"},"inLanguage":"it-IT","potentialAction":[{"@type":"ReadAction","target":["https:\/\/www.deumavan.ch\/it\/404-pagina-non-trovata\/"]}]},{"@type":"BreadcrumbList","@id":"https:\/\/www.deumavan.ch\/it\/404-pagina-non-trovata\/#breadcrumb","itemListElement":[{"@type":"ListItem","position":1,"name":"Home","item":"https:\/\/www.deumavan.ch\/it\/"},{"@type":"ListItem","position":2,"name":"404: Pagina non trovata"}]},{"@type":"WebSite","@id":"https:\/\/www.deumavan.ch\/it\/?lang=it\/#website","url":"https:\/\/www.deumavan.ch\/it\/?lang=it\/","name":"Deumavan","description":"","potentialAction":[{"@type":"SearchAction","target":{"@type":"EntryPoint","urlTemplate":"https:\/\/www.deumavan.ch\/it\/?lang=it\/?s={search_term_string}"},"query-input":{"@type":"PropertyValueSpecification","valueRequired":true,"valueName":"search_term_string"}}],"inLanguage":"it-IT"}]}},"_links":{"self":[{"href":"https:\/\/www.deumavan.ch\/it\/wp-json\/wp\/v2\/pages\/2522","targetHints":{"allow":["GET"]}}],"collection":[{"href":"https:\/\/www.deumavan.ch\/it\/wp-json\/wp\/v2\/pages"}],"about":[{"href":"https:\/\/www.deumavan.ch\/it\/wp-json\/wp\/v2\/types\/page"}],"author":[{"embeddable":true,"href":"https:\/\/www.deumavan.ch\/it\/wp-json\/wp\/v2\/users\/2"}],"replies":[{"embeddable":true,"href":"https:\/\/www.deumavan.ch\/it\/wp-json\/wp\/v2\/comments?post=2522"}],"version-history":[{"count":13,"href":"https:\/\/www.deumavan.ch\/it\/wp-json\/wp\/v2\/pages\/2522\/revisions"}],"predecessor-version":[{"id":5008,"href":"https:\/\/www.deumavan.ch\/it\/wp-json\/wp\/v2\/pages\/2522\/revisions\/5008"}],"wp:attachment":[{"href":"https:\/\/www.deumavan.ch\/it\/wp-json\/wp\/v2\/media?parent=2522"}],"curies":[{"name":"wp","href":"https:\/\/api.w.org\/{rel}","templated":true}]}}